{"id":702,"date":"2025-09-04T16:09:41","date_gmt":"2025-09-04T16:09:41","guid":{"rendered":"https:\/\/festivalgrandwest.com\/?page_id=702"},"modified":"2025-09-04T16:26:41","modified_gmt":"2025-09-04T16:26:41","slug":"mentions-legales","status":"publish","type":"page","link":"https:\/\/festivalgrandwest.com\/en\/mentions-legales\/","title":{"rendered":"Mentions l\u00e9gales"},"content":{"rendered":"<p class=\"has-colibri-color-6-color has-text-color has-link-color wp-elements-b055cbf5c46fa0a9a471a0b9bc56d8cf\" style=\"font-size:50px\"><strong>Mentions l\u00e9gales<\/strong><\/p>\n\n\n\n<p class=\"has-colibri-color-6-color has-text-color has-link-color wp-elements-09b6758543fbb6fcaaa30052e1c0373d\">En vertu de la loi n\u00b02004-575 du 21 Juin 2024 pour la confiance dans l\u2019\u00e9conomie num\u00e9rique, il est pr\u00e9cis\u00e9 aux utilisateurs du site <a href=\"https:\/\/festivalgrandwest.com\/en\/\">www.festivalgrandwest.com<\/a> l\u2019identit\u00e9 des diff\u00e9rents intervenants dans le cadre de sa r\u00e9alisation et de son suivi :<\/p>\n\n\n\n<p class=\"has-colibri-color-6-color has-text-color has-link-color wp-elements-1f21f84360a52f3eb92c720ac0207dd9\" style=\"font-size:33px\"><strong>Informations \u00e9diteur<\/strong><\/p>\n\n\n\n<p class=\"has-colibri-color-6-color has-text-color has-link-color wp-elements-d155e9528edc29e81773072bb1faa575\"><strong>Festival Grand West \u2013 <\/strong><strong>Cin\u00e9ma Le Paradis<\/strong><br>4 Rue du Phare<br>56170 Quiberon<\/p>\n\n\n\n<p class=\"has-colibri-color-6-color has-text-color has-link-color wp-elements-29bdc2a3a0d48d96ecfba34476954f99\"><a href=\"https:\/\/www.google.com\/search?client=firefox-b-d&amp;q=Le+Paradis+Quiberon#\">02 97 50 17 20<\/a><br><a href=\"mailto:contact@festivalgrandwest.com\">contact@festivalgrandwest.com<\/a><\/p>\n\n\n\n<p class=\"has-colibri-color-6-color has-text-color has-link-color wp-elements-7d1371a8b50782f3e619fad35e6854f6\">Directrice de la publication : Laurence Forin<\/p>\n\n\n\n<p class=\"has-colibri-color-6-color has-text-color has-link-color wp-elements-b29427745d476edb8a7bcb6667bfe8d8\" style=\"font-size:33px\"><strong>H\u00e9bergement<\/strong><\/p>\n\n\n\n<p class=\"has-colibri-color-6-color has-text-color has-link-color wp-elements-1a22493c7e0188d9f3d1bb7c84626f91\">Infomaniak<br>25 rue Eug\u00e8ne-Marziano <br>1227 Gen\u00e8ve, Suisse<\/p>\n\n\n\n<p class=\"has-colibri-color-6-color has-text-color has-link-color wp-elements-29683d4350f4ba185f1411e976536fe8\"><strong>Gestion du site :<\/strong><\/p>\n\n\n\n<p class=\"has-colibri-color-6-color has-text-color has-link-color wp-elements-b16aeca8cf8ab4982abad6284f29f6d3\">Pierre-Adrien Roux EI<br>31 rue de la Hibaudi\u00e8re<br>44620 La Montagne<br>rouxpierreadrien@gmail.com<\/p>\n\n\n\n<p class=\"has-colibri-color-6-color has-text-color has-link-color wp-elements-6e009a506d094316bda333d3680301da\" style=\"font-size:33px\"><strong>Conditions d\u2019utilisation<\/strong><\/p>\n\n\n\n<p class=\"has-colibri-color-6-color has-text-color has-link-color wp-elements-8499b213a5dfdc699bc3c8ef007e34a9\">Le site <a href=\"https:\/\/festivalgrandwest.com\/en\/\">www.festivalgrandwest.com<\/a> (ci-apr\u00e8s \u00ab&nbsp;le site&nbsp;\u00bb)&nbsp;a pour objet de fournir une information concernant Le Festival Grand West.<\/p>\n\n\n\n<p class=\"has-colibri-color-6-color has-text-color has-link-color wp-elements-6fe509d9169fdad047e73a57f90cc80f\" style=\"font-size:33px\"><strong>Liens hypertextes<\/strong><\/p>\n\n\n\n<p class=\"has-colibri-color-6-color has-text-color has-link-color wp-elements-b5c92e2595e35a2110ed0dfbf4cc7b9e\">Le site peut int\u00e9grer des liens hypertextes en direction des sites web tiers, y compris des sites de partenaires commerciaux. Nous ne pourrons en aucune fa\u00e7on \u00eatre tenus responsables des dommages directs et\/ou indirects qui pourraient r\u00e9sulter de l\u2019utilisation de contenus, donn\u00e9es ou informations de toute nature, accessibles \u00e0 partir desdits liens hypertextes. Il vous incombe de contr\u00f4ler que les informations figurant sur ces sites web partenaires sont exactes, compl\u00e8tes et conformes \u00e0 la r\u00e9glementation.&nbsp;<\/p>\n\n\n\n<p class=\"has-colibri-color-6-color has-text-color has-link-color wp-elements-2aaae8042ed3f89fcbbcbff6d4051b75\" style=\"font-size:33px\"><strong>Droits d\u2019auteur<\/strong><\/p>\n\n\n\n<p class=\"has-colibri-color-6-color has-text-color has-link-color wp-elements-21c9ef06d1375a076b69e10ef6e9432d\">Les \u00e9l\u00e9ments pr\u00e9sents sur ce site (structure, design, images, vid\u00e9os, textes ou tous autres \u00e9l\u00e9ments) sont la propri\u00e9t\u00e9 exclusive du Cin\u00e9ma Le Paradis. En cons\u00e9quence, toute reproduction de ceux-ci est formellement interdite sans autorisation \u00e9crite pr\u00e9alable du cin\u00e9ma.<\/p>\n\n\n\n<p class=\"has-colibri-color-6-color has-text-color has-link-color wp-elements-519b8f9258ccdcf88aaf9d9a7303ebe9\" style=\"font-size:33px\"><strong>Politique de confidentialit\u00e9 <\/strong><\/p>\n\n\n\n<div class=\"wp-block-group\"><div class=\"wp-block-group__inner-container is-layout-constrained wp-block-group-is-layout-constrained\">\n<div class=\"wp-block-group has-colibri-color-6-color has-text-color has-link-color wp-elements-13c7c514fe43d7f7359fd4de98d313bb\"><div class=\"wp-block-group__inner-container is-layout-constrained wp-block-group-is-layout-constrained\">\n<p class=\"has-colibri-color-6-color has-text-color has-link-color wp-elements-28ff92cab34fe8776c3fb61cd03ed080\">La protection de vos donn\u00e9es personnelles est une priorit\u00e9. Cette politique de confidentialit\u00e9 a pour objectif de vous informer de la mani\u00e8re dont votre site collecte, utilise et prot\u00e8ge vos informations.<\/p>\n\n\n\n<p class=\"has-colibri-color-6-color has-text-color has-link-color wp-elements-e3abafd88d235138302fa51221f6f25e\"><strong>1. Collecte des informations<\/strong><\/p>\n\n\n\n<p class=\"has-colibri-color-6-color has-text-color has-link-color wp-elements-2452ad8d7263b23b96612ca5d8794dfa\">Lorsque vous utilisez le formulaire de contact de ce site, vous \u00eates amen\u00e9(e) \u00e0 fournir certaines informations personnelles, notamment votre adresse e-mail.<br>Ces donn\u00e9es sont utilis\u00e9es uniquement pour r\u00e9pondre \u00e0 vos demandes et ne sont jamais transmises \u00e0 des tiers sans votre consentement.<\/p>\n\n\n\n<p class=\"has-colibri-color-6-color has-text-color has-link-color wp-elements-a42804090a171691b4166bc9284da90e\"><strong>2. Utilisation des cookies<\/strong><\/p>\n\n\n\n<p>Ce site peut utiliser des cookies afin de :<\/p>\n\n\n\n<ul class=\"wp-block-list\">\n<li>Am\u00e9liorer votre exp\u00e9rience de navigation (affichage adapt\u00e9 aux supports : ordinateur, tablette, mobile).<\/li>\n\n\n\n<li>Analyser de mani\u00e8re anonyme la fr\u00e9quentation et l\u2019utilisation du site (statistiques).<\/li>\n<\/ul>\n\n\n\n<p class=\"has-colibri-color-6-color has-text-color has-link-color wp-elements-6008be52aa34994d2848a699229be85b\">Vous pouvez \u00e0 tout moment configurer votre navigateur pour refuser ou supprimer les cookies.<\/p>\n\n\n\n<p class=\"has-colibri-color-6-color has-text-color has-link-color wp-elements-fdcf6811703f347b7d6f857ec284207d\"><strong>3. Conservation des donn\u00e9es<\/strong><\/p>\n\n\n\n<p class=\"has-colibri-color-6-color has-text-color has-link-color wp-elements-31bbd4be5ff16ba0dc78d64d65590736\">Les informations collect\u00e9es via le formulaire de contact sont conserv\u00e9es uniquement le temps n\u00e9cessaire au traitement de votre demande.<br>Elles ne sont pas utilis\u00e9es \u00e0 des fins commerciales.<\/p>\n\n\n\n<p class=\"has-colibri-color-6-color has-text-color has-link-color wp-elements-f7c0a353b7d6f18271c9689c2b0bb979\"><strong>4. S\u00e9curit\u00e9 des donn\u00e9es<\/strong><\/p>\n\n\n\n<p class=\"has-colibri-color-6-color has-text-color has-link-color wp-elements-391fc9e50d1a18e3499907fc23c6cf9a\">Toutes les mesures techniques raisonnables sont mises en \u0153uvre pour prot\u00e9ger vos donn\u00e9es contre l\u2019acc\u00e8s non autoris\u00e9, la modification, la divulgation ou la destruction.<\/p>\n\n\n\n<p class=\"has-colibri-color-6-color has-text-color has-link-color wp-elements-7969cbff98a3bca19704e7dd68d8b6cc\"><strong>5. Vos droits<\/strong><\/p>\n\n\n\n<p class=\"has-colibri-color-6-color has-text-color has-link-color wp-elements-32733d936d4144c61893293329601b08\">Conform\u00e9ment au R\u00e8glement G\u00e9n\u00e9ral sur la Protection des Donn\u00e9es (RGPD), vous disposez des droits suivants :<\/p>\n\n\n\n<ul class=\"wp-block-list\">\n<li class=\"has-colibri-color-6-color has-text-color has-link-color wp-elements-9cefde8f97886236d4a66b3d0c6aca0c\">Droit d\u2019acc\u00e8s, de rectification et de suppression de vos donn\u00e9es personnelles.<\/li>\n\n\n\n<li class=\"has-colibri-color-6-color has-text-color has-link-color wp-elements-e38bf0e8e0885fabb7f56242f17573e4\">Droit d\u2019opposition ou de limitation du traitement.<\/li>\n\n\n\n<li class=\"has-colibri-color-6-color has-text-color has-link-color wp-elements-98951b40cc4ac3289ff0896413326a3c\">Droit \u00e0 la portabilit\u00e9 de vos donn\u00e9es.<\/li>\n<\/ul>\n\n\n\n<p class=\"has-colibri-color-6-color has-text-color has-link-color wp-elements-97bad85c6cd13757d1b1f25d8e7f6009\">Pour exercer ces droits, vous pouvez envoyer une demande \u00e0 l\u2019adresse suivante : <strong><a href=\"mailto:contact@festivalgrandwest.com\">contact@festivalgrandwest.com<\/a><\/strong>.<\/p>\n\n\n\n<p class=\"has-colibri-color-6-color has-text-color has-link-color wp-elements-ed474a2aea47f24c7b24577b8e49d379\"><strong>6. Contact<\/strong><\/p>\n\n\n\n<p class=\"has-colibri-color-6-color has-text-color has-link-color wp-elements-06d938038bec81f1c2044d421f34a006\">Pour toute question relative \u00e0 cette politique de confidentialit\u00e9 ou au traitement de vos donn\u00e9es, vous pouvez nous contacter via le formulaire de contact ou par e-mail \u00e0 : <a href=\"mailto:contact@festivalgrandwest.com\">contact@festivalgrandwest.com<\/a>.<\/p>\n<\/div><\/div>\n<\/div><\/div>\n\n\n\n<p><\/p>","protected":false},"excerpt":{"rendered":"<p>Mentions l\u00e9gales En vertu de la loi n\u00b02004-575 du 21 Juin 2024 pour [&hellip;]<\/p>","protected":false},"author":1,"featured_media":0,"parent":0,"menu_order":0,"comment_status":"closed","ping_status":"closed","template":"","meta":{"footnotes":""},"class_list":["post-702","page","type-page","status-publish","hentry"],"_links":{"self":[{"href":"https:\/\/festivalgrandwest.com\/en\/wp-json\/wp\/v2\/pages\/702","targetHints":{"allow":["GET"]}}],"collection":[{"href":"https:\/\/festivalgrandwest.com\/en\/wp-json\/wp\/v2\/pages"}],"about":[{"href":"https:\/\/festivalgrandwest.com\/en\/wp-json\/wp\/v2\/types\/page"}],"author":[{"embeddable":true,"href":"https:\/\/festivalgrandwest.com\/en\/wp-json\/wp\/v2\/users\/1"}],"replies":[{"embeddable":true,"href":"https:\/\/festivalgrandwest.com\/en\/wp-json\/wp\/v2\/comments?post=702"}],"version-history":[{"count":6,"href":"https:\/\/festivalgrandwest.com\/en\/wp-json\/wp\/v2\/pages\/702\/revisions"}],"predecessor-version":[{"id":730,"href":"https:\/\/festivalgrandwest.com\/en\/wp-json\/wp\/v2\/pages\/702\/revisions\/730"}],"wp:attachment":[{"href":"https:\/\/festivalgrandwest.com\/en\/wp-json\/wp\/v2\/media?parent=702"}],"curies":[{"name":"wp","href":"https:\/\/api.w.org\/{rel}","templated":true}]}}